{"id":284,"date":"2020-05-22T18:15:05","date_gmt":"2020-05-22T16:15:05","guid":{"rendered":"https:\/\/concepta.de\/?page_id=284"},"modified":"2026-02-06T16:04:05","modified_gmt":"2026-02-06T15:04:05","slug":"company","status":"publish","type":"page","link":"https:\/\/concepta.de\/en\/company\/","title":{"rendered":"Company"},"content":{"rendered":"<div class=\"wp-bootstrap-blocks-row row\">\n\t\n\n<div class=\"col-12 col-lg-6 content_company_headline_box\">\n\t\t\t\n\n<h2 class=\"wp-block-heading\" id=\"unternehmen\">Company<\/h2>\n\n\n\n<p>CONCEPTA was founded in 2003 in D\u00fcsseldorf by Bj\u00f6rn Isenh\u00f6fer, Thomas Koerver and Andreas Martin, all of whom have many years of experience as successful initiators of complex real estate projects. The company is involved in mixed-use commercial property and city quarter development projects throughout Germany. It made a name for itself with its inner-city shopping arcades for medium-sized cities, and it is also a successful office and hotel developer.&nbsp;<\/p>\n\n\n\n<p>In 2017 CONCEPTA began providing asset management services to institutional investors with core+ and value-add strategies. CONCEPTA offers its partners a comprehensive portfolio of services for real estate refurbishment and repositioning, particularly retail and mixed-use properties.<\/p>\n\n\t<\/div>\n\n\n\n<div class=\"col-12 col-lg-6\">\n\t\t\t\n\n<figure class=\"wp-block-image size-large\"><img loading=\"lazy\" decoding=\"async\" width=\"1024\" height=\"663\" src=\"https:\/\/concepta.de\/wp-content\/uploads\/2020\/05\/DSC_1014-20122018@2x-1024x663.jpg\" alt=\"\" class=\"wp-image-64\" srcset=\"https:\/\/concepta.de\/wp-content\/uploads\/2020\/05\/DSC_1014-20122018@2x-1024x663.jpg 1024w, https:\/\/concepta.de\/wp-content\/uploads\/2020\/05\/DSC_1014-20122018@2x-300x194.jpg 300w, https:\/\/concepta.de\/wp-content\/uploads\/2020\/05\/DSC_1014-20122018@2x-768x497.jpg 768w, https:\/\/concepta.de\/wp-content\/uploads\/2020\/05\/DSC_1014-20122018@2x.jpg 1344w\" sizes=\"auto, (max-width: 1024px) 100vw, 1024px\" \/><\/figure>\n\n\n\n<p><\/p>\n\n\t<\/div>\n\n<\/div>\n\n\n    <div class=\"counter_box\">\n  <div class=\"row\">\n    <div class=\"col-lg-3\">\n      <strong\n        class=\"cp24_count_up count-numbers-mobile\"\n        data-time=\"5000\"\n        data-decimal=\"2\"\n        style=\"font-size: 50px; color: #00492c; letter-spacing: 3.5px;\"\n      >\n        2\n      <\/strong>\n      <strong\n        class=\"count-numbers-mobile\"\n        style=\"font-size: 50px; color: #00492c; letter-spacing: 3.5px;\"\n        >&nbsp;Mrd. &euro;<\/strong\n      >\n      <br \/>\n      <span style=\"font-size: 20px; letter-spacing: 1.61px; color: #00492c;\"\n        >development project volume*<\/span\n      >\n    <\/div>\n    <div class=\"col-lg-3\">\n      <strong\n        class=\"cp24_count_up count-numbers-mobile\"\n        data-time=\"5000\"\n        data-decimal=\"0\"\n        style=\"font-size: 50px; color: #00492c; letter-spacing: 3.5px;\"\n      >\n        485000\n      <\/strong>\n      <strong\n        class=\"count-numbers-mobile\"\n        style=\"font-size: 50px; color: #00492c; letter-spacing: 3.5px;\"\n      >\n        &nbsp;m<sup>2<\/sup>\n      <\/strong>\n      <br \/>\n      <span style=\"font-size: 20px; letter-spacing: 1.61px; color: #00492c;\"\n        >leased space*<\/span\n      >\n    <\/div>\n    <div class=\"col-lg-3\">\n      <strong\n        class=\"cp24_count_up count-numbers-mobile\"\n        data-time=\"5000\"\n        data-decimal=\"0\"\n        style=\"font-size: 50px; color: #00492c; letter-spacing: 3.5px;\"\n      >\n        1060\n      <\/strong>\n      <br \/>\n      <span style=\"font-size: 20px; letter-spacing: 1.61px; color: #00492c;\"\n        >leased units*<\/span\n      >\n    <\/div>\n    <div class=\"col-lg-3\" id=\"team\">\n      <strong\n        class=\"cp24_count_up count-numbers-mobile\"\n        data-time=\"5000\"\n        data-decimal=\"0\"\n        style=\"font-size: 50px; color: #00492c; letter-spacing: 3.5px;\"\n      >\n        400\n      <\/strong>\n      <strong\n        class=\"count-numbers-mobile\"\n        style=\"font-size: 50px; color: #00492c; letter-spacing: 3.5px;\"\n        >&nbsp;Mio. &euro;<\/strong\n      >\n      <br \/>\n      <span style=\"font-size: 20px; letter-spacing: 1.61px; color: #00492c;\"\n        >assets under management<\/span\n      >\n    <\/div>\n  <\/div>\n<\/div>\n\n\n<div class=\"wp-bootstrap-blocks-row row\">\n\t\n\n<div class=\"col-12 col-lg-6\">\n\t\t\t\n\n<figure class=\"wp-block-image size-large\"><img loading=\"lazy\" decoding=\"async\" width=\"1024\" height=\"663\" src=\"https:\/\/concepta.de\/wp-content\/uploads\/2020\/05\/DSC_1239-20122018@2x-1024x663.jpg\" alt=\"\" class=\"wp-image-66\" srcset=\"https:\/\/concepta.de\/wp-content\/uploads\/2020\/05\/DSC_1239-20122018@2x-1024x663.jpg 1024w, https:\/\/concepta.de\/wp-content\/uploads\/2020\/05\/DSC_1239-20122018@2x-300x194.jpg 300w, https:\/\/concepta.de\/wp-content\/uploads\/2020\/05\/DSC_1239-20122018@2x-768x497.jpg 768w, https:\/\/concepta.de\/wp-content\/uploads\/2020\/05\/DSC_1239-20122018@2x.jpg 1344w\" sizes=\"auto, (max-width: 1024px) 100vw, 1024px\" \/><\/figure>\n\n\t<\/div>\n\n\n\n<div class=\"col-12 col-lg-6 content_company_headline_box_right\">\n\t\t\t\n\n<h2 class=\"wp-block-heading\" id=\"team\">Team<\/h2>\n\n\n\n<p>CONCEPTA has a strong and motivated team. Many of its employees are real estate specialists who have been with the company for years. We also have an interdisciplinary mix of commercial employees, architects, construction engineers and legal experts. They all share the same commitment to service excellence, transparent working methods and unwavering focus on project success.<\/p>\n\n\t<\/div>\n\n<\/div>\n\n\n<div class=\"content_company_team_box\" style=\"position: relative;\"><img decoding=\"async\" id=\"img_company_3\" alt=\"Das Management\" src=\"https:\/\/concepta.de\/wp-content\/uploads\/2025\/06\/management-small.jpg\" class=\"news_img\"><div data-html=\"true\" data-container=\"body\" data-toggle=\"popover\" data-placement=\"bottom\" data-content=\"<strong>Thomas Koerver<\/strong><br \/>Executive Partner\" class=\"team_pointer\" style=\"top: 55%; left: 29%;\" data-original-title=\"\" title=\"\"><\/div><div data-html=\"true\" data-container=\"body\" data-toggle=\"popover\" data-placement=\"bottom\" data-content=\"<strong>Dr. Bj\u00f6rn Isenh\u00f6fer<\/strong><br \/>Executive Partner\" class=\"team_pointer\" style=\"top: 55%; left: 46%;\" data-original-title=\"\" title=\"\"><\/div><div data-html=\"true\" data-container=\"body\" data-toggle=\"popover\" data-placement=\"bottom\" data-content=\"<strong>Dr. Andreas Martin<\/strong><br \/>Executive Partner\" class=\"team_pointer\" style=\"top: 55%; left: 64%;\" data-original-title=\"\" title=\"\"><\/div><\/div>\n\n\n<div class=\"wp-bootstrap-blocks-row row content_company_management_box\">\n\t\n\n<div class=\"col-12 col-lg-4\">\n\t\t\t\n\n<h2 class=\"wp-block-heading\" id=\"management\">Management<\/h2>\n\n\t<\/div>\n\n\n\n<div class=\"col-12 col-lg-8\">\n\t\t\t\n\n<p>Thomas Koerver is a Managing Partner of CONCEPTA. He focuses on project design and construction management.<\/p>\n\n\n\n<p>Bj\u00f6rn Isenh\u00f6fer is a Managing Partner of CONCEPTA. He focuses on project acquisition, design and sales, and is responsible for capital and financing partnerships.<\/p>\n\n\n\n<p>Andreas Martin is a Managing Partner of CONCEPTA. He focuses on project acquisition, design and letting, and is responsible for asset management.<\/p>\n\n\n\n<p><\/p>\n\n\t<\/div>\n\n<\/div>\n\n\n<div class=\"wp-bootstrap-blocks-row row\">\n\t\n\n<div class=\"col-12 col-lg-4\">\n\t\t\t\n\n<h2 class=\"wp-block-heading\" id=\"karriere\">Careers<\/h2>\n\n\t<\/div>\n\n\n\n<div class=\"col-12 col-lg-8\">\n\t\t\t\n\n<p>CONCEPTA is always looking for highly qualified and motivated property developers, project managers and asset managers. Newcomers benefit from the support of a smooth-running team and flat hierarchies. We also encourage our people to take on corporate responsibility in a broad spectrum of work activities as soon as possible.&nbsp;<\/p>\n\n\n\n<p>Ideally, you will have a business administration or structural engineering degree and initial experience of working in real estate. Please send your (on-spec) application to careers@concepta.de.<\/p>\n\n\n\n<p><br><\/p>\n\n\n\n<div class=\"wp-block-cgb-download\"><label>junior asset manager<\/label><a href=\"https:\/\/concepta.de\/wp-content\/uploads\/2021\/01\/CP-Stellenanzeigen_20200313_Junior-Asset-Manager.pdf\" target=\"_blank\" rel=\"noopener noreferrer\" class=\"btn-download\">Download PDF<\/a><\/div>\n\n\n\n<div class=\"wp-block-cgb-download\"><label>architect<\/label><a href=\"https:\/\/concepta.de\/wp-content\/uploads\/2022\/05\/CP-Stellenanzeigen-Architekt_20220511.pdf\" target=\"_blank\" rel=\"noopener noreferrer\" class=\"btn-download\">Download PDF<\/a><\/div>\n\n\n\n<div class=\"wp-block-cgb-download\"><label>working student<\/label><a href=\"https:\/\/concepta.de\/wp-content\/uploads\/2021\/01\/CP-Stellenanzeigen_20200313_Werkstudenten-1.pdf\" target=\"_blank\" rel=\"noopener noreferrer\" class=\"btn-download\">Download PDF<\/a><\/div>\n\n\t<\/div>\n\n<\/div>\n\n\n\n<p class=\"has-small-font-size\"><br><br>*with the management involved as co-investors or in positions of responsibility<\/p>\n","protected":false},"excerpt":{"rendered":"<p>*with the management involved as co-investors or in positions of responsibility<\/p>\n","protected":false},"author":1,"featured_media":0,"parent":0,"menu_order":0,"comment_status":"closed","ping_status":"closed","template":"","meta":{"_acf_changed":false,"footnotes":""},"class_list":["post-284","page","type-page","status-publish","hentry","entry"],"acf":[],"_links":{"self":[{"href":"https:\/\/concepta.de\/en\/wp-json\/wp\/v2\/pages\/284","targetHints":{"allow":["GET"]}}],"collection":[{"href":"https:\/\/concepta.de\/en\/wp-json\/wp\/v2\/pages"}],"about":[{"href":"https:\/\/concepta.de\/en\/wp-json\/wp\/v2\/types\/page"}],"author":[{"embeddable":true,"href":"https:\/\/concepta.de\/en\/wp-json\/wp\/v2\/users\/1"}],"replies":[{"embeddable":true,"href":"https:\/\/concepta.de\/en\/wp-json\/wp\/v2\/comments?post=284"}],"version-history":[{"count":8,"href":"https:\/\/concepta.de\/en\/wp-json\/wp\/v2\/pages\/284\/revisions"}],"predecessor-version":[{"id":1456,"href":"https:\/\/concepta.de\/en\/wp-json\/wp\/v2\/pages\/284\/revisions\/1456"}],"wp:attachment":[{"href":"https:\/\/concepta.de\/en\/wp-json\/wp\/v2\/media?parent=284"}],"curies":[{"name":"wp","href":"https:\/\/api.w.org\/{rel}","templated":true}]}}