{"id":1077,"date":"2021-01-21T15:29:46","date_gmt":"2021-01-21T14:29:46","guid":{"rendered":"https:\/\/concepta.de\/projekte\/"},"modified":"2026-02-11T12:18:30","modified_gmt":"2026-02-11T11:18:30","slug":"projekte","status":"publish","type":"page","link":"https:\/\/concepta.de\/en\/projekte\/","title":{"rendered":"Projects"},"content":{"rendered":"\n<h2 class=\"wp-block-heading\">Projects<\/h2>\n\n\n<div class=\"wp-bootstrap-blocks-row row g-0\">\n\t\n\n<div class=\"col-12 col-lg-6\">\n\t\t\t\n\n<div class=\"wp-block-cgb-project-teaser\"><a href=\"https:\/\/concepta.de\/en\/projekt\/quincy-koeln\/\"><img decoding=\"async\" src=\"https:\/\/concepta.de\/wp-content\/uploads\/2021\/01\/quincy_4_g.jpg\"\/><div class=\"footer\">QUINCY K\u00d6LN <\/div><\/a><\/div>\n\n\t<\/div>\n\n\n\n<div class=\"col-12 col-lg-6\">\n\t\t\t\n<div class=\"wp-bootstrap-blocks-row row g-0\">\n\t\n\n<div class=\"col-12 col-lg-6\">\n\t\t\t\n\n<div class=\"wp-block-cgb-project-teaser\"><a href=\"https:\/\/concepta.de\/en\/projekt\/greenview-duisburg\/\"><img decoding=\"async\" src=\"https:\/\/concepta.de\/wp-content\/uploads\/2021\/01\/Kachelbild_Greenview.jpg\"\/><div class=\"footer\">GREENVIEW DUISBURG<\/div><\/a><\/div>\n\n\t<\/div>\n\n\n\n<div class=\"col-12 col-lg-6\">\n\t\t\t\n\n<div class=\"wp-block-cgb-project-teaser\"><a href=\"https:\/\/concepta.de\/en\/projekt\/reschop-carre-hattingen\/\"><img decoding=\"async\" src=\"https:\/\/concepta.de\/wp-content\/uploads\/2021\/01\/02_L_001809-klein_titel.jpg\"\/><div class=\"footer\">RESCHOP CARR\u00c9 HATTINGEN<\/div><\/a><\/div>\n\n\t<\/div>\n\n<\/div>\n\n\n<div class=\"wp-bootstrap-blocks-row row\">\n\t\n\n<div class=\"col-12 col-lg-12\">\n\t\t\t\n\n<div class=\"wp-block-cgb-project-teaser\"><a href=\"https:\/\/concepta.de\/en\/projekt\/me-and-all-hotel-dusseldorf\/\"><img decoding=\"async\" src=\"https:\/\/concepta.de\/wp-content\/uploads\/2020\/06\/Kachelbild_meandallhotels.jpg\"\/><div class=\"footer\">ME AND ALL HOTEL D\u00dcSSELDORF<\/div><\/a><\/div>\n\n\t<\/div>\n\n<\/div>\n\n\t<\/div>\n\n<\/div>\n\n\n<div class=\"wp-bootstrap-blocks-row row g-0\">\n\t\n\n<div class=\"col-12 col-lg-3\">\n\t\t\t\n\n<div class=\"wp-block-cgb-project-teaser\"><a href=\"https:\/\/concepta.de\/en\/projekt\/stadtgalerie-datteln\/\"><img decoding=\"async\" src=\"https:\/\/concepta.de\/wp-content\/uploads\/2021\/01\/Kachelbild_Datteln.jpg\"\/><div class=\"footer\">STADTGALERIE DATTELN <\/div><\/a><\/div>\n\n\t<\/div>\n\n\n\n<div class=\"col-12 col-lg-3\">\n\t\t\t\n\n<div class=\"wp-block-cgb-project-teaser\"><a href=\"https:\/\/concepta.de\/en\/projekt\/funf-hofe-munich\/\"><img decoding=\"async\" src=\"https:\/\/concepta.de\/wp-content\/uploads\/2020\/06\/Kachelbild_Muenchen.jpg\"\/><div class=\"footer\">F\u00dcNF H\u00d6FE M\u00dcNCHEN <\/div><\/a><\/div>\n\n\t<\/div>\n\n\n\n<div class=\"col-12 col-lg-3\">\n\t\t\t\n\n<div class=\"wp-block-cgb-project-teaser\"><a href=\"https:\/\/concepta.de\/en\/projekt\/hagemeyer-minden\/\"><img decoding=\"async\" src=\"https:\/\/concepta.de\/wp-content\/uploads\/2020\/06\/Kachelbild_Minden.jpg\"\/><div class=\"footer\">HAGEMEYER MINDEN<\/div><\/a><\/div>\n\n\t<\/div>\n\n\n\n<div class=\"col-12 col-lg-3\">\n\t\t\t\n\n<div class=\"wp-block-cgb-project-teaser\"><a href=\"https:\/\/concepta.de\/en\/projekt\/former-department-store-stralsund\/\"><img decoding=\"async\" src=\"https:\/\/concepta.de\/wp-content\/uploads\/2020\/06\/Kachelbild_Strahlsund.jpg\"\/><div class=\"footer\">ALTES KAUFHAUS STRALSUND<\/div><\/a><\/div>\n\n\t<\/div>\n\n<\/div>\n\n\n<div class=\"wp-bootstrap-blocks-row row g-0\">\n\t\n\n<div class=\"col-12 col-lg-6\">\n\t\t\t\n\n<div class=\"wp-block-cgb-project-teaser\"><a href=\"https:\/\/concepta.de\/en\/projekt\/koenigsbau-passagen-stuttgart\/\"><img decoding=\"async\" src=\"https:\/\/concepta.de\/wp-content\/uploads\/2020\/06\/Kachlbild_Stuttgart.jpg\"\/><div class=\"footer\">K\u00d6NIGSBAU PASSAGEN STUTTGART<\/div><\/a><\/div>\n\n\n<div class=\"wp-bootstrap-blocks-row row g-0\">\n\t\n\n<div class=\"col-12 col-lg-6\">\n\t\t\t\n\n<div class=\"wp-block-cgb-project-teaser\"><a href=\"https:\/\/concepta.de\/en\/projekt\/rhein-ruhr-zentrum-mulheim\/\"><img decoding=\"async\" src=\"https:\/\/concepta.de\/wp-content\/uploads\/2021\/01\/Kachelbild_RRZ-1.jpg\"\/><div class=\"footer\">RHEIN-RUHR-ZENTRUM M\u00dcLHEIM<\/div><\/a><\/div>\n\n\t<\/div>\n\n\n\n<div class=\"col-12 col-lg-6\">\n\t\t\t\n\n<div class=\"wp-block-cgb-project-teaser\"><a href=\"https:\/\/concepta.de\/en\/projekt\/neumarkt-galerie-cologne\/\"><img decoding=\"async\" src=\"https:\/\/concepta.de\/wp-content\/uploads\/2020\/06\/Kachelbild_Koeln_Neumarkt_bueros.jpg\"\/><div class=\"footer\">NEUMARKT GALERIE K\u00d6LN <\/div><\/a><\/div>\n\n\t<\/div>\n\n<\/div>\n\n\t<\/div>\n\n\n\n<div class=\"col-12 col-lg-6\">\n\t\t\t\n\n<div class=\"wp-block-cgb-project-teaser\"><a href=\"https:\/\/concepta.de\/en\/projekt\/stadtquartier-overbergplatz\/\"><img decoding=\"async\" src=\"https:\/\/concepta.de\/wp-content\/uploads\/2021\/01\/Kachel_halbgro\u00df_Duelmen.jpg\"\/><div class=\"footer\">STADTQUARTIER OVERBERGPLATZ<\/div><\/a><\/div>\n\n\t<\/div>\n\n<\/div>\n\n\n<div class=\"wp-bootstrap-blocks-row row g-0\">\n\t\n\n<div class=\"col-12 col-lg-6\">\n\t\t\t\n\n<div class=\"wp-block-cgb-project-teaser\"><a href=\"https:\/\/concepta.de\/en\/projekt\/stadtcenter-duren\/\"><img decoding=\"async\" src=\"https:\/\/concepta.de\/wp-content\/uploads\/2020\/06\/Kachelbild-Dueren_3.jpg\"\/><div class=\"footer\">STADTCENTER D\u00dcREN<\/div><\/a><\/div>\n\n\t<\/div>\n\n\n\n<div class=\"col-12 col-lg-6\">\n\t\t\t\n<div class=\"wp-bootstrap-blocks-row row g-0\">\n\t\n\n<div class=\"col-12 col-lg-6\">\n\t\t\t\n\n<div class=\"wp-block-cgb-project-teaser\"><a href=\"https:\/\/concepta.de\/en\/projekt\/ko-galerie-dusseldorf\/\"><img decoding=\"async\" src=\"https:\/\/concepta.de\/wp-content\/uploads\/2020\/06\/Kachelbild_Koegalerie.jpg\"\/><div class=\"footer\">K\u00d6 GALERIE D\u00dcSSELDORF<\/div><\/a><\/div>\n\n\t<\/div>\n\n\n\n<div class=\"col-12 col-lg-6\">\n\t\t\t\n\n<div class=\"wp-block-cgb-project-teaser\"><a href=\"https:\/\/concepta.de\/en\/projekt\/stadtgalerie-witten\/\"><img decoding=\"async\" src=\"https:\/\/concepta.de\/wp-content\/uploads\/2020\/06\/Kachelbild_Witten.jpg\"\/><div class=\"footer\">STADTGALERIE WITTEN<\/div><\/a><\/div>\n\n\t<\/div>\n\n<\/div>\n\n\n<div class=\"wp-bootstrap-blocks-row row\">\n\t\n\n<div class=\"col-12\">\n\t\t\t\n\n<div class=\"wp-block-cgb-project-teaser\"><a href=\"https:\/\/concepta.de\/en\/projekt\/airview-dusseldorf\/\"><img decoding=\"async\" src=\"https:\/\/concepta.de\/wp-content\/uploads\/2020\/06\/Kachelbild_Airview.jpg\"\/><div class=\"footer\">AIRVIEW D\u00dcSSELDORF<\/div><\/a><\/div>\n\n\t<\/div>\n\n<\/div>\n\n\t<\/div>\n\n<\/div>\n\n\n<div class=\"wp-bootstrap-blocks-row row g-0\">\n\t\n\n<div class=\"col-12 col-lg-6\">\n\t\t\t\n\n<div class=\"wp-block-cgb-project-teaser\"><a href=\"https:\/\/concepta.de\/en\/projekt\/stadtgalerie-velbert\/\"><img decoding=\"async\" src=\"https:\/\/concepta.de\/wp-content\/uploads\/2021\/01\/01_20190611-_MG_5681-Big-LOGO_breit.jpg\"\/><div class=\"footer\">STADTGALERIE VELBERT <\/div><\/a><\/div>\n\n\t<\/div>\n\n\n\n<div class=\"col-12 col-lg-3\">\n\t\t\t\n\n<div class=\"wp-block-cgb-project-teaser\"><a href=\"https:\/\/concepta.de\/en\/projekt\/stadtcenter-rolltreppe-halle-an-der-saale\/\"><img decoding=\"async\" src=\"https:\/\/concepta.de\/wp-content\/uploads\/2020\/06\/Kachelbild_Halle.jpg\"\/><div class=\"footer\">STADTCENTER ROLLTREPPE HALLE \/ SAALE<\/div><\/a><\/div>\n\n\t<\/div>\n\n\n\n<div class=\"col-12 col-lg-3\">\n\t\t\t\n\n<div class=\"wp-block-cgb-project-teaser\"><a href=\"https:\/\/concepta.de\/en\/projekt\/logistikzentrum-buchholz\/\"><img decoding=\"async\" src=\"https:\/\/concepta.de\/wp-content\/uploads\/2020\/06\/logistic_kachel.jpg\"\/><div class=\"footer\">LOGISTIKZENTRUM BUCHHOLZ <\/div><\/a><\/div>\n\n\t<\/div>\n\n<\/div>\n","protected":false},"excerpt":{"rendered":"<p>Projects<\/p>\n","protected":false},"author":1,"featured_media":0,"parent":0,"menu_order":0,"comment_status":"closed","ping_status":"closed","template":"","meta":{"_acf_changed":false,"footnotes":""},"class_list":["post-1077","page","type-page","status-publish","hentry","entry"],"acf":[],"_links":{"self":[{"href":"https:\/\/concepta.de\/en\/wp-json\/wp\/v2\/pages\/1077","targetHints":{"allow":["GET"]}}],"collection":[{"href":"https:\/\/concepta.de\/en\/wp-json\/wp\/v2\/pages"}],"about":[{"href":"https:\/\/concepta.de\/en\/wp-json\/wp\/v2\/types\/page"}],"author":[{"embeddable":true,"href":"https:\/\/concepta.de\/en\/wp-json\/wp\/v2\/users\/1"}],"replies":[{"embeddable":true,"href":"https:\/\/concepta.de\/en\/wp-json\/wp\/v2\/comments?post=1077"}],"version-history":[{"count":25,"href":"https:\/\/concepta.de\/en\/wp-json\/wp\/v2\/pages\/1077\/revisions"}],"predecessor-version":[{"id":1535,"href":"https:\/\/concepta.de\/en\/wp-json\/wp\/v2\/pages\/1077\/revisions\/1535"}],"wp:attachment":[{"href":"https:\/\/concepta.de\/en\/wp-json\/wp\/v2\/media?parent=1077"}],"curies":[{"name":"wp","href":"https:\/\/api.w.org\/{rel}","templated":true}]}}